{"id":508,"date":"2018-03-14T22:37:57","date_gmt":"2018-03-14T22:37:57","guid":{"rendered":"https:\/\/powercontainer.ninjacomputing.com\/privacy-policy\/"},"modified":"2025-01-04T14:36:29","modified_gmt":"2025-01-04T14:36:29","slug":"politique-de-confidentialite","status":"publish","type":"page","link":"https:\/\/powercontainer.ninjacomputing.com\/fr\/politique-de-confidentialite\/","title":{"rendered":"Politique de confidentialit\u00e9"},"content":{"rendered":"<h3>SECTION 1 \u2013 QUE FAISONS NOUS AVEC VOS INFORMATIONS?<\/h3>\n<p>Quand vous nous soumettez une demande, Nous r\u00e9cup\u00e9rons l\u2019information personnelle que vous nous donnez comme vos noms, adresse postale et adresse email.<\/p>\n<p>Quand vous naviguez sur notre site, nous recevons automatiquement l\u2019adresse IP de votre ordinateur ce qui nous permet de conna\u00eetre quel type de navigateur et de syst\u00e8me d\u2019exploitation vous utilisez.<\/p>\n<p>Email marketing (si applicable): Avec votre permission uniquement, il se peut que nous vous envoyons des emails au sujet de notre marque, de nos produits ou pour d\u2019autres informations.<\/p>\n<h3 class=\"p1\"><span class=\"s1\">SECTION 2 &#8211; CONSENTEMENT<\/span><\/h3>\n<p>Comment obtenez-vous mon consentement ?<\/p>\n<p>Lorsque vous remplissez un formulaire avec votre information personnelle, ou lorsque Nous vous demandons des informations personnelles pour une autre raison, soit Nous vous demanderons directement votre consentement, soit Nous vous donnerons une opportunit\u00e9 de dire non.<\/p>\n<p>Comment puis-je retirer mon consentement ?<\/p>\n<p>Si apr\u00e8s vous \u00eatre engag\u00e9 vous changez d\u2019avis, vous avez la possibilit\u00e9 de retirer l\u2019autorisation que vous nous avez donn\u00e9 de vous contacter, d\u2019utiliser ou de d\u00e9voiler votre information. Vous pouvez le faire \u00e0 tout moment, soit en nous envoyant un email \u00e0 <a href=\"mailto:info@powercontainer.com\">info@powercontainer.com<\/a>, ou en nous envoyant un courrier \u00e0 Power Container Corporation, 33 Schoolhouse Rd, Somerset, NJ, 08873, United States.<\/p>\n<h3 class=\"p1\"><span class=\"s1\">SECTION 3 &#8211; DIVULGATION<\/span><\/h3>\n<p>Nous pouvons divulguer votre information personnelle en cas de demande expresse des autorit\u00e9s ou dans le cas ou vous violez nos r\u00e8gles d\u2019utilisation.<\/p>\n<h3 class=\"p1\"><span class=\"s1\">SECTION 4 &#8211; SERVICES TIERS<\/span><\/h3>\n<p>En r\u00e8gle g\u00e9n\u00e9rale, les services tiers que nous utilisons ne collectent, utilisent et d\u00e9voilent votre information que dans la mesure o\u00f9 cela est n\u00e9cessaire \u00e0 la bonne r\u00e9alisation du service qu\u2019ils nous rendent.<\/p>\n<p>Cependant, il est possible que certains services tiers, comme les passerelles de paiement et les autres services attach\u00e9s au paiement, aient leur propre politique de confidentialit\u00e9 qui s\u2019appliquerait \u00e0 l\u2019information que nous devons leur fournir.<\/p>\n<p>Pour ces services tiers nous vous recommandons de prendre connaissance de leur politique de confidentialit\u00e9 afin que vous puissiez comprendre l\u2019usage qu\u2019ils vont faire de votre information personnelle.<\/p>\n<p>En particulier, souvenez-vous que certains services peuvent se situer dans des juridictions diff\u00e9rentes de la v\u00f4tre ou de la n\u00f4tre. Donc si vous choisissez de continuer avec ces services, votre information pourrait \u00eatre r\u00e9gie par les lois du pays dans lequel se situe ces services tiers.<\/p>\n<p>\u00c0 titre d\u2019exemple, si vous \u00eates situ\u00e9 au Canada et que votre transaction est trait\u00e9e par une passerelle de paiement situ\u00e9e aux Etats-Unis, alors votre information personnelle, utilis\u00e9e pour cette transaction peut \u00eatre sujette \u00e0 divulgation selon la loi des Etats-Unis, et notamment le Patriot Act.<\/p>\n<p>Lorsque vous quitter notre site web ou que vous \u00eates redirig\u00e9 vers un site tiers ou une application la politique de confidentialit\u00e9 et les r\u00e8gles d\u2019utilisation de notre site ne s\u2019appliquent plus.<\/p>\n<p>Il est possible que lorsque vous cliquez sur un lien sur notre site, celui-ci vous dirige vers d\u2019autres sites. Nous ne sommes pas responsables des politiques de confidentialit\u00e9 de ces sites et nous vous encourageons \u00e0 les lire.<\/p>\n<h3 class=\"p1\"><span class=\"s1\">SECTION 5 &#8211; SECURITE<\/span><\/h3>\n<p>Nous prenons des mesures de protection pour prot\u00e9ger votre information personnelle et suivons les bonnes pratiques de l\u2019industrie afin d\u2019assurer qu\u2019elle n\u2019est pas de mani\u00e8re inappropri\u00e9e perdue, utilis\u00e9e, visualis\u00e9e, d\u00e9voil\u00e9e, alt\u00e9r\u00e9e ou d\u00e9truite.<\/p>\n<h3 class=\"p1\"><span class=\"s1\">SECTION 6 &#8211;\u00a0<\/span>AGE DE CONSENTEMENT<\/h3>\n<p>En utilisant notre site, vous reconnaissez que vous avez au moins atteint l\u2019\u00e2ge de majorit\u00e9 dans votre lieu et pays de r\u00e9sidence et que vous avez donn\u00e9 votre consentement aux mineurs qui d\u00e9pendent de vous qui utiliseraient notre site.<\/p>\n<h3 class=\"p1\"><span class=\"s1\">SECTION 7 &#8211; CHANGEMENTS DANS CETTE POLITIQUE DE CONFIDENTIALITE<\/span><\/h3>\n<p>Nous nous r\u00e9servons le droit de modifier cette politique de confidentialit\u00e9 \u00e0 tout moment, et vous demandons donc de la revoir fr\u00e9quemment. Tout changement ou clarification prendra effet imm\u00e9diatement apr\u00e8s sa publication sur ce site.<\/p>\n<h3>QUESTIONS ET INFORMATIONS DE CONTACT<\/h3>\n<p>Si vous souhaitez acc\u00e9der, corriger, amender ou d\u00e9truite une quelconque information personnelle que nous d\u00e9tenons \u00e0 votre sujet, si vous souhaitez formuler une r\u00e9clamation, ou si vous souhaitez simplement obtenir plus d\u2019information contactez nous par email \u00e0 <a href=\"mailto:info@powercontainer.com\">info@powercontainer.com<\/a><\/p>\n<p>ou par courrier \u00e0 Power Container Corporation, 33 Schoolhouse rd, Somerset, NJ, 08873, United States.<\/p>\n","protected":false},"excerpt":{"rendered":"<p>SECTION 1 \u2013 QUE FAISONS NOUS AVEC VOS INFORMATIONS? Quand vous nous soumettez une demande, Nous r\u00e9cup\u00e9rons l\u2019information personnelle que vous nous donnez comme vos noms, adresse postale et adresse email. Quand vous naviguez sur notre site, nous recevons automatiquement l\u2019adresse IP de votre ordinateur ce qui nous permet de conna\u00eetre quel type de navigateur &hellip; <a href=\"https:\/\/powercontainer.ninjacomputing.com\/fr\/politique-de-confidentialite\/\">Continued<\/a><\/p>\n","protected":false},"author":1,"featured_media":0,"parent":0,"menu_order":0,"comment_status":"closed","ping_status":"closed","template":"","meta":{"_acf_changed":false,"footnotes":""},"class_list":["post-508","page","type-page","status-publish","hentry"],"acf":[],"yoast_head":"<!-- This site is optimized with the Yoast SEO plugin v24.1 - https:\/\/yoast.com\/wordpress\/plugins\/seo\/ -->\n<title>Politique de confidentialit\u00e9 - PCC<\/title>\n<meta name=\"robots\" content=\"noindex, follow, max-snippet:-1, max-image-preview:large, max-video-preview:-1\" \/>\n<meta property=\"og:locale\" content=\"fr_FR\" \/>\n<meta property=\"og:type\" content=\"article\" \/>\n<meta property=\"og:title\" content=\"Politique de confidentialit\u00e9 - PCC\" \/>\n<meta property=\"og:description\" content=\"SECTION 1 \u2013 QUE FAISONS NOUS AVEC VOS INFORMATIONS? Quand vous nous soumettez une demande, Nous r\u00e9cup\u00e9rons l\u2019information personnelle que vous nous donnez comme vos noms, adresse postale et adresse email. Quand vous naviguez sur notre site, nous recevons automatiquement l\u2019adresse IP de votre ordinateur ce qui nous permet de conna\u00eetre quel type de navigateur &hellip; Continued\" \/>\n<meta property=\"og:url\" content=\"https:\/\/powercontainer.ninjacomputing.com\/fr\/politique-de-confidentialite\/\" \/>\n<meta property=\"og:site_name\" content=\"PCC\" \/>\n<meta property=\"article:modified_time\" content=\"2025-01-04T14:36:29+00:00\" \/>\n<meta name=\"twitter:card\" content=\"summary_large_image\" \/>\n<meta name=\"twitter:label1\" content=\"Dur\u00e9e de lecture estim\u00e9e\" \/>\n\t<meta name=\"twitter:data1\" content=\"3 minutes\" \/>\n<script type=\"application\/ld+json\" class=\"yoast-schema-graph\">{\"@context\":\"https:\/\/schema.org\",\"@graph\":[{\"@type\":\"WebPage\",\"@id\":\"https:\/\/powercontainer.ninjacomputing.com\/fr\/politique-de-confidentialite\/\",\"url\":\"https:\/\/powercontainer.ninjacomputing.com\/fr\/politique-de-confidentialite\/\",\"name\":\"Politique de confidentialit\u00e9 - PCC\",\"isPartOf\":{\"@id\":\"https:\/\/powercontainer.ninjacomputing.com\/#website\"},\"datePublished\":\"2018-03-14T22:37:57+00:00\",\"dateModified\":\"2025-01-04T14:36:29+00:00\",\"breadcrumb\":{\"@id\":\"https:\/\/powercontainer.ninjacomputing.com\/fr\/politique-de-confidentialite\/#breadcrumb\"},\"inLanguage\":\"fr-FR\",\"potentialAction\":[{\"@type\":\"ReadAction\",\"target\":[\"https:\/\/powercontainer.ninjacomputing.com\/fr\/politique-de-confidentialite\/\"]}]},{\"@type\":\"BreadcrumbList\",\"@id\":\"https:\/\/powercontainer.ninjacomputing.com\/fr\/politique-de-confidentialite\/#breadcrumb\",\"itemListElement\":[{\"@type\":\"ListItem\",\"position\":1,\"name\":\"Home\",\"item\":\"https:\/\/powercontainer.ninjacomputing.com\/fr\/\"},{\"@type\":\"ListItem\",\"position\":2,\"name\":\"Politique de confidentialit\u00e9\"}]},{\"@type\":\"WebSite\",\"@id\":\"https:\/\/powercontainer.ninjacomputing.com\/#website\",\"url\":\"https:\/\/powercontainer.ninjacomputing.com\/\",\"name\":\"PCC\",\"description\":\"\",\"potentialAction\":[{\"@type\":\"SearchAction\",\"target\":{\"@type\":\"EntryPoint\",\"urlTemplate\":\"https:\/\/powercontainer.ninjacomputing.com\/?s={search_term_string}\"},\"query-input\":{\"@type\":\"PropertyValueSpecification\",\"valueRequired\":true,\"valueName\":\"search_term_string\"}}],\"inLanguage\":\"fr-FR\"}]}<\/script>\n<!-- \/ Yoast SEO plugin. -->","yoast_head_json":{"title":"Politique de confidentialit\u00e9 - PCC","robots":{"index":"noindex","follow":"follow","max-snippet":"max-snippet:-1","max-image-preview":"max-image-preview:large","max-video-preview":"max-video-preview:-1"},"og_locale":"fr_FR","og_type":"article","og_title":"Politique de confidentialit\u00e9 - PCC","og_description":"SECTION 1 \u2013 QUE FAISONS NOUS AVEC VOS INFORMATIONS? Quand vous nous soumettez une demande, Nous r\u00e9cup\u00e9rons l\u2019information personnelle que vous nous donnez comme vos noms, adresse postale et adresse email. Quand vous naviguez sur notre site, nous recevons automatiquement l\u2019adresse IP de votre ordinateur ce qui nous permet de conna\u00eetre quel type de navigateur &hellip; Continued","og_url":"https:\/\/powercontainer.ninjacomputing.com\/fr\/politique-de-confidentialite\/","og_site_name":"PCC","article_modified_time":"2025-01-04T14:36:29+00:00","twitter_card":"summary_large_image","twitter_misc":{"Dur\u00e9e de lecture estim\u00e9e":"3 minutes"},"schema":{"@context":"https:\/\/schema.org","@graph":[{"@type":"WebPage","@id":"https:\/\/powercontainer.ninjacomputing.com\/fr\/politique-de-confidentialite\/","url":"https:\/\/powercontainer.ninjacomputing.com\/fr\/politique-de-confidentialite\/","name":"Politique de confidentialit\u00e9 - PCC","isPartOf":{"@id":"https:\/\/powercontainer.ninjacomputing.com\/#website"},"datePublished":"2018-03-14T22:37:57+00:00","dateModified":"2025-01-04T14:36:29+00:00","breadcrumb":{"@id":"https:\/\/powercontainer.ninjacomputing.com\/fr\/politique-de-confidentialite\/#breadcrumb"},"inLanguage":"fr-FR","potentialAction":[{"@type":"ReadAction","target":["https:\/\/powercontainer.ninjacomputing.com\/fr\/politique-de-confidentialite\/"]}]},{"@type":"BreadcrumbList","@id":"https:\/\/powercontainer.ninjacomputing.com\/fr\/politique-de-confidentialite\/#breadcrumb","itemListElement":[{"@type":"ListItem","position":1,"name":"Home","item":"https:\/\/powercontainer.ninjacomputing.com\/fr\/"},{"@type":"ListItem","position":2,"name":"Politique de confidentialit\u00e9"}]},{"@type":"WebSite","@id":"https:\/\/powercontainer.ninjacomputing.com\/#website","url":"https:\/\/powercontainer.ninjacomputing.com\/","name":"PCC","description":"","potentialAction":[{"@type":"SearchAction","target":{"@type":"EntryPoint","urlTemplate":"https:\/\/powercontainer.ninjacomputing.com\/?s={search_term_string}"},"query-input":{"@type":"PropertyValueSpecification","valueRequired":true,"valueName":"search_term_string"}}],"inLanguage":"fr-FR"}]}},"_links":{"self":[{"href":"https:\/\/powercontainer.ninjacomputing.com\/fr\/wp-json\/wp\/v2\/pages\/508","targetHints":{"allow":["GET"]}}],"collection":[{"href":"https:\/\/powercontainer.ninjacomputing.com\/fr\/wp-json\/wp\/v2\/pages"}],"about":[{"href":"https:\/\/powercontainer.ninjacomputing.com\/fr\/wp-json\/wp\/v2\/types\/page"}],"author":[{"embeddable":true,"href":"https:\/\/powercontainer.ninjacomputing.com\/fr\/wp-json\/wp\/v2\/users\/1"}],"replies":[{"embeddable":true,"href":"https:\/\/powercontainer.ninjacomputing.com\/fr\/wp-json\/wp\/v2\/comments?post=508"}],"version-history":[{"count":4,"href":"https:\/\/powercontainer.ninjacomputing.com\/fr\/wp-json\/wp\/v2\/pages\/508\/revisions"}],"predecessor-version":[{"id":543,"href":"https:\/\/powercontainer.ninjacomputing.com\/fr\/wp-json\/wp\/v2\/pages\/508\/revisions\/543"}],"wp:attachment":[{"href":"https:\/\/powercontainer.ninjacomputing.com\/fr\/wp-json\/wp\/v2\/media?parent=508"}],"curies":[{"name":"wp","href":"https:\/\/api.w.org\/{rel}","templated":true}]}}